{"id":687,"date":"2023-05-26T12:19:12","date_gmt":"2023-05-26T12:19:12","guid":{"rendered":"https:\/\/jfbinfo.com.br\/?page_id=687"},"modified":"2023-06-15T14:36:06","modified_gmt":"2023-06-15T14:36:06","slug":"area-cliente","status":"publish","type":"page","link":"https:\/\/jfbinfo.com.br\/site\/area-cliente\/","title":{"rendered":"Redirect &#8211; \u00c1rea do Cliente"},"content":{"rendered":"\t\t<div data-elementor-type=\"wp-page\" data-elementor-id=\"687\" class=\"elementor elementor-687\">\n\t\t\t\t<div class=\"elementor-element elementor-element-ff53afc e-con-full e-flex e-con e-parent\" data-id=\"ff53afc\" data-element_type=\"container\" data-e-type=\"container\" data-settings=\"{&quot;background_background&quot;:&quot;gradient&quot;}\">\n\t\t\t\t<div class=\"elementor-element elementor-element-9bd3f2f elementor-widget elementor-widget-heading\" data-id=\"9bd3f2f\" data-element_type=\"widget\" data-e-type=\"widget\" data-widget_type=\"heading.default\">\n\t\t\t\t<div class=\"elementor-widget-container\">\n\t\t\t\t\t<h2 class=\"elementor-heading-title elementor-size-default\">Voc\u00ea est\u00e1 sendo redirecionado em:<\/h2>\t\t\t\t<\/div>\n\t\t\t\t<\/div>\n\t\t\t\t<div class=\"elementor-element elementor-element-2f66058 elementor-countdown--label-block elementor-widget elementor-widget-countdown\" data-id=\"2f66058\" data-element_type=\"widget\" data-e-type=\"widget\" data-widget_type=\"countdown.default\">\n\t\t\t\t<div class=\"elementor-widget-container\">\n\t\t\t\t\t\t\t<div data-evergreen-interval=\"0\" data-expire-actions=\"[{&quot;type&quot;:&quot;redirect&quot;,&quot;redirect_url&quot;:&quot;https:\\\/\\\/jfbinfo.com.br\\\/sistema\\\/index.php\\\/mine&quot;}]\" class=\"elementor-countdown-wrapper\" data-date=\"\">\n\t\t\t<div class=\"elementor-countdown-item\"><span class=\"elementor-countdown-digits elementor-countdown-seconds\"><\/span> <span class=\"elementor-countdown-label\">Segundos<\/span><\/div>\t\t<\/div>\n\t\t\t\t\t\t<\/div>\n\t\t\t\t<\/div>\n\t\t\t\t<\/div>\n\t\t\t\t<\/div>\n\t\t","protected":false},"excerpt":{"rendered":"<p>Voc\u00ea est\u00e1 sendo redirecionado em: Segundos<\/p>\n","protected":false},"author":1,"featured_media":0,"parent":0,"menu_order":0,"comment_status":"closed","ping_status":"closed","template":"elementor_canvas","meta":{"footnotes":""},"class_list":["post-687","page","type-page","status-publish","hentry"],"yoast_head":"<!-- This site is optimized with the Yoast SEO plugin v27.5 - https:\/\/yoast.com\/product\/yoast-seo-wordpress\/ -->\n<title>Redirect - \u00c1rea do Cliente - JFB Inform\u00e1tica<\/title>\n<meta name=\"robots\" content=\"index, follow, max-snippet:-1, max-image-preview:large, max-video-preview:-1\" \/>\n<link rel=\"canonical\" href=\"https:\/\/jfbinfo.com.br\/site\/area-cliente\/\" \/>\n<meta property=\"og:locale\" content=\"pt_PT\" \/>\n<meta property=\"og:type\" content=\"article\" \/>\n<meta property=\"og:title\" content=\"Redirect - \u00c1rea do Cliente - JFB Inform\u00e1tica\" \/>\n<meta property=\"og:description\" content=\"Voc\u00ea est\u00e1 sendo redirecionado em: Segundos\" \/>\n<meta property=\"og:url\" content=\"https:\/\/jfbinfo.com.br\/site\/area-cliente\/\" \/>\n<meta property=\"og:site_name\" content=\"JFB Inform\u00e1tica\" \/>\n<meta property=\"article:modified_time\" content=\"2023-06-15T14:36:06+00:00\" \/>\n<meta name=\"twitter:card\" content=\"summary_large_image\" \/>\n<meta name=\"twitter:label1\" content=\"Tempo estimado de leitura\" \/>\n\t<meta name=\"twitter:data1\" content=\"1 minuto\" \/>\n<script type=\"application\/ld+json\" class=\"yoast-schema-graph\">{\"@context\":\"https:\\\/\\\/schema.org\",\"@graph\":[{\"@type\":\"WebPage\",\"@id\":\"https:\\\/\\\/jfbinfo.com.br\\\/site\\\/area-cliente\\\/\",\"url\":\"https:\\\/\\\/jfbinfo.com.br\\\/site\\\/area-cliente\\\/\",\"name\":\"Redirect - \u00c1rea do Cliente - JFB Inform\u00e1tica\",\"isPartOf\":{\"@id\":\"https:\\\/\\\/jfbinfo.com.br\\\/site\\\/#website\"},\"datePublished\":\"2023-05-26T12:19:12+00:00\",\"dateModified\":\"2023-06-15T14:36:06+00:00\",\"breadcrumb\":{\"@id\":\"https:\\\/\\\/jfbinfo.com.br\\\/site\\\/area-cliente\\\/#breadcrumb\"},\"inLanguage\":\"pt-PT\",\"potentialAction\":[{\"@type\":\"ReadAction\",\"target\":[\"https:\\\/\\\/jfbinfo.com.br\\\/site\\\/area-cliente\\\/\"]}]},{\"@type\":\"BreadcrumbList\",\"@id\":\"https:\\\/\\\/jfbinfo.com.br\\\/site\\\/area-cliente\\\/#breadcrumb\",\"itemListElement\":[{\"@type\":\"ListItem\",\"position\":1,\"name\":\"In\u00edcio\",\"item\":\"https:\\\/\\\/jfbinfo.com.br\\\/site\\\/\"},{\"@type\":\"ListItem\",\"position\":2,\"name\":\"Redirect &#8211; \u00c1rea do Cliente\"}]},{\"@type\":\"WebSite\",\"@id\":\"https:\\\/\\\/jfbinfo.com.br\\\/site\\\/#website\",\"url\":\"https:\\\/\\\/jfbinfo.com.br\\\/site\\\/\",\"name\":\"JFB Inform\u00e1tica\",\"description\":\"\",\"publisher\":{\"@id\":\"https:\\\/\\\/jfbinfo.com.br\\\/site\\\/#organization\"},\"potentialAction\":[{\"@type\":\"SearchAction\",\"target\":{\"@type\":\"EntryPoint\",\"urlTemplate\":\"https:\\\/\\\/jfbinfo.com.br\\\/site\\\/?s={search_term_string}\"},\"query-input\":{\"@type\":\"PropertyValueSpecification\",\"valueRequired\":true,\"valueName\":\"search_term_string\"}}],\"inLanguage\":\"pt-PT\"},{\"@type\":\"Organization\",\"@id\":\"https:\\\/\\\/jfbinfo.com.br\\\/site\\\/#organization\",\"name\":\"JFB Inform\u00e1tica\",\"url\":\"https:\\\/\\\/jfbinfo.com.br\\\/site\\\/\",\"logo\":{\"@type\":\"ImageObject\",\"inLanguage\":\"pt-PT\",\"@id\":\"https:\\\/\\\/jfbinfo.com.br\\\/site\\\/#\\\/schema\\\/logo\\\/image\\\/\",\"url\":\"https:\\\/\\\/jfbinfo.com.br\\\/wp-content\\\/uploads\\\/2021\\\/01\\\/cropped-cropped-0001-1-e1680011981569.jpg\",\"contentUrl\":\"https:\\\/\\\/jfbinfo.com.br\\\/wp-content\\\/uploads\\\/2021\\\/01\\\/cropped-cropped-0001-1-e1680011981569.jpg\",\"width\":826,\"height\":236,\"caption\":\"JFB Inform\u00e1tica\"},\"image\":{\"@id\":\"https:\\\/\\\/jfbinfo.com.br\\\/site\\\/#\\\/schema\\\/logo\\\/image\\\/\"}}]}<\/script>\n<!-- \/ Yoast SEO plugin. -->","yoast_head_json":{"title":"Redirect - \u00c1rea do Cliente - JFB Inform\u00e1tica","robots":{"index":"index","follow":"follow","max-snippet":"max-snippet:-1","max-image-preview":"max-image-preview:large","max-video-preview":"max-video-preview:-1"},"canonical":"https:\/\/jfbinfo.com.br\/site\/area-cliente\/","og_locale":"pt_PT","og_type":"article","og_title":"Redirect - \u00c1rea do Cliente - JFB Inform\u00e1tica","og_description":"Voc\u00ea est\u00e1 sendo redirecionado em: Segundos","og_url":"https:\/\/jfbinfo.com.br\/site\/area-cliente\/","og_site_name":"JFB Inform\u00e1tica","article_modified_time":"2023-06-15T14:36:06+00:00","twitter_card":"summary_large_image","twitter_misc":{"Tempo estimado de leitura":"1 minuto"},"schema":{"@context":"https:\/\/schema.org","@graph":[{"@type":"WebPage","@id":"https:\/\/jfbinfo.com.br\/site\/area-cliente\/","url":"https:\/\/jfbinfo.com.br\/site\/area-cliente\/","name":"Redirect - \u00c1rea do Cliente - JFB Inform\u00e1tica","isPartOf":{"@id":"https:\/\/jfbinfo.com.br\/site\/#website"},"datePublished":"2023-05-26T12:19:12+00:00","dateModified":"2023-06-15T14:36:06+00:00","breadcrumb":{"@id":"https:\/\/jfbinfo.com.br\/site\/area-cliente\/#breadcrumb"},"inLanguage":"pt-PT","potentialAction":[{"@type":"ReadAction","target":["https:\/\/jfbinfo.com.br\/site\/area-cliente\/"]}]},{"@type":"BreadcrumbList","@id":"https:\/\/jfbinfo.com.br\/site\/area-cliente\/#breadcrumb","itemListElement":[{"@type":"ListItem","position":1,"name":"In\u00edcio","item":"https:\/\/jfbinfo.com.br\/site\/"},{"@type":"ListItem","position":2,"name":"Redirect &#8211; \u00c1rea do Cliente"}]},{"@type":"WebSite","@id":"https:\/\/jfbinfo.com.br\/site\/#website","url":"https:\/\/jfbinfo.com.br\/site\/","name":"JFB Inform\u00e1tica","description":"","publisher":{"@id":"https:\/\/jfbinfo.com.br\/site\/#organization"},"potentialAction":[{"@type":"SearchAction","target":{"@type":"EntryPoint","urlTemplate":"https:\/\/jfbinfo.com.br\/site\/?s={search_term_string}"},"query-input":{"@type":"PropertyValueSpecification","valueRequired":true,"valueName":"search_term_string"}}],"inLanguage":"pt-PT"},{"@type":"Organization","@id":"https:\/\/jfbinfo.com.br\/site\/#organization","name":"JFB Inform\u00e1tica","url":"https:\/\/jfbinfo.com.br\/site\/","logo":{"@type":"ImageObject","inLanguage":"pt-PT","@id":"https:\/\/jfbinfo.com.br\/site\/#\/schema\/logo\/image\/","url":"https:\/\/jfbinfo.com.br\/wp-content\/uploads\/2021\/01\/cropped-cropped-0001-1-e1680011981569.jpg","contentUrl":"https:\/\/jfbinfo.com.br\/wp-content\/uploads\/2021\/01\/cropped-cropped-0001-1-e1680011981569.jpg","width":826,"height":236,"caption":"JFB Inform\u00e1tica"},"image":{"@id":"https:\/\/jfbinfo.com.br\/site\/#\/schema\/logo\/image\/"}}]}},"_links":{"self":[{"href":"https:\/\/jfbinfo.com.br\/site\/wp-json\/wp\/v2\/pages\/687","targetHints":{"allow":["GET"]}}],"collection":[{"href":"https:\/\/jfbinfo.com.br\/site\/wp-json\/wp\/v2\/pages"}],"about":[{"href":"https:\/\/jfbinfo.com.br\/site\/wp-json\/wp\/v2\/types\/page"}],"author":[{"embeddable":true,"href":"https:\/\/jfbinfo.com.br\/site\/wp-json\/wp\/v2\/users\/1"}],"replies":[{"embeddable":true,"href":"https:\/\/jfbinfo.com.br\/site\/wp-json\/wp\/v2\/comments?post=687"}],"version-history":[{"count":4,"href":"https:\/\/jfbinfo.com.br\/site\/wp-json\/wp\/v2\/pages\/687\/revisions"}],"predecessor-version":[{"id":692,"href":"https:\/\/jfbinfo.com.br\/site\/wp-json\/wp\/v2\/pages\/687\/revisions\/692"}],"wp:attachment":[{"href":"https:\/\/jfbinfo.com.br\/site\/wp-json\/wp\/v2\/media?parent=687"}],"curies":[{"name":"wp","href":"https:\/\/api.w.org\/{rel}","templated":true}]}}